{"id":142,"date":"2024-05-29T06:49:40","date_gmt":"2024-05-29T06:49:40","guid":{"rendered":"https:\/\/coreat.81d1.com\/?post_type=product&#038;p=142"},"modified":"2024-09-20T06:01:50","modified_gmt":"2024-09-20T06:01:50","slug":"%e7%8e%af%e9%93%be%e7%94%b5%e5%8a%a8%e8%91%ab%e8%8a%a6-v05","status":"publish","type":"product","link":"https:\/\/www.chinacoreat.com\/es\/product\/%e7%8e%af%e9%93%be%e7%94%b5%e5%8a%a8%e8%91%ab%e8%8a%a6-v05\/","title":{"rendered":"Polipasto el\u00e9ctrico de cadena V05"},"content":{"rendered":"","protected":false},"excerpt":{"rendered":"<p>El polipasto el\u00e9ctrico de cadena V05 tiene una carga nominal de 500 kg y una velocidad de elevaci\u00f3n de 4 m\/min. Es el polipasto el\u00e9ctrico fundido de aleaci\u00f3n de aluminio de alta calidad de cuarta generaci\u00f3n, con est\u00e1ndares europeos y estilo de dise\u00f1o europeo. Es novedoso y hermoso, f\u00e1cil de instalar y usar, y conveniente de operar. Tiene un dise\u00f1o estructural de grado de protecci\u00f3n IP66 y una caja fuerte. y sistema de frenado patentado estable, D8 o D8 PLUS Standard (opcional), equipado con un sistema operativo inteligente, que hace que las operaciones de elevaci\u00f3n y suspensi\u00f3n sean inteligentes y sencillas.<\/p>","protected":false},"featured_media":125,"template":"","product-category":[3],"class_list":["post-142","product","type-product","status-publish","has-post-thumbnail","hentry","product-category-hoist"],"acf":[],"_links":{"self":[{"href":"https:\/\/www.chinacoreat.com\/es\/wp-json\/wp\/v2\/product\/142","targetHints":{"allow":["GET"]}}],"collection":[{"href":"https:\/\/www.chinacoreat.com\/es\/wp-json\/wp\/v2\/product"}],"about":[{"href":"https:\/\/www.chinacoreat.com\/es\/wp-json\/wp\/v2\/types\/product"}],"wp:featuredmedia":[{"embeddable":true,"href":"https:\/\/www.chinacoreat.com\/es\/wp-json\/wp\/v2\/media\/125"}],"wp:attachment":[{"href":"https:\/\/www.chinacoreat.com\/es\/wp-json\/wp\/v2\/media?parent=142"}],"wp:term":[{"taxonomy":"product-category","embeddable":true,"href":"https:\/\/www.chinacoreat.com\/es\/wp-json\/wp\/v2\/product-category?post=142"}],"curies":[{"name":"wp","href":"https:\/\/api.w.org\/{rel}","templated":true}]}}