{"id":143,"date":"2024-05-29T06:50:06","date_gmt":"2024-05-29T06:50:06","guid":{"rendered":"https:\/\/coreat.81d1.com\/?post_type=product&#038;p=143"},"modified":"2024-09-20T06:10:55","modified_gmt":"2024-09-20T06:10:55","slug":"%e7%8e%af%e9%93%be%e7%94%b5%e5%8a%a8%e8%91%ab%e8%8a%a6-v10","status":"publish","type":"product","link":"https:\/\/www.chinacoreat.com\/es\/product\/%e7%8e%af%e9%93%be%e7%94%b5%e5%8a%a8%e8%91%ab%e8%8a%a6-v10\/","title":{"rendered":"Polipasto el\u00e9ctrico de cadena V10"},"content":{"rendered":"","protected":false},"excerpt":{"rendered":"<p>El polipasto el\u00e9ctrico de cadena V10 tiene una carga nominal de 1000 kg y una velocidad de elevaci\u00f3n de 4 m\/min. Es la cuarta generaci\u00f3n de polipasto el\u00e9ctrico fundido de aleaci\u00f3n de aluminio de alta calidad, est\u00e1ndar europeo, estilo de dise\u00f1o europeo, novedoso y hermoso, f\u00e1cil de instalar y usar, c\u00f3modo de operar, dise\u00f1o estructural con grado de protecci\u00f3n IP66, sistema de frenado patentado seguro y estable, D8 o D8 PLUS est\u00e1ndar (Opcional), equipado con un sistema operativo inteligente, haciendo que el rendimiento de elevaci\u00f3n y suspensi\u00f3n sea inteligente y sencillo.<\/p>","protected":false},"featured_media":126,"template":"","product-category":[3],"class_list":["post-143","product","type-product","status-publish","has-post-thumbnail","hentry","product-category-hoist"],"acf":[],"_links":{"self":[{"href":"https:\/\/www.chinacoreat.com\/es\/wp-json\/wp\/v2\/product\/143","targetHints":{"allow":["GET"]}}],"collection":[{"href":"https:\/\/www.chinacoreat.com\/es\/wp-json\/wp\/v2\/product"}],"about":[{"href":"https:\/\/www.chinacoreat.com\/es\/wp-json\/wp\/v2\/types\/product"}],"wp:featuredmedia":[{"embeddable":true,"href":"https:\/\/www.chinacoreat.com\/es\/wp-json\/wp\/v2\/media\/126"}],"wp:attachment":[{"href":"https:\/\/www.chinacoreat.com\/es\/wp-json\/wp\/v2\/media?parent=143"}],"wp:term":[{"taxonomy":"product-category","embeddable":true,"href":"https:\/\/www.chinacoreat.com\/es\/wp-json\/wp\/v2\/product-category?post=143"}],"curies":[{"name":"wp","href":"https:\/\/api.w.org\/{rel}","templated":true}]}}